{"id":750,"date":"2017-11-03T15:59:31","date_gmt":"2017-11-03T15:59:31","guid":{"rendered":"http:\/\/preview.milingona.co\/themes\/bakery\/?page_id=750"},"modified":"2017-11-03T15:59:31","modified_gmt":"2017-11-03T15:59:31","slug":"products-grid-landscape","status":"publish","type":"page","link":"https:\/\/kayseriligurme.com\/?page_id=750","title":{"rendered":"Products Grid Landscape"},"content":{"rendered":"<div class=\"wpb-content-wrapper\"><p>[vc_section content_layout=&#8221;full&#8221; animation_delay=&#8221;&#8221; disable=&#8221;&#8221; id=&#8221;&#8221; class=&#8221;&#8221; bg_type=&#8221;image&#8221; bg_image=&#8221;&#8221; color_overlay=&#8221;&#8221; enable_parallax=&#8221;&#8221; enable_pattern=&#8221;&#8221;][vc_row content_layout=&#8221;boxed&#8221; equal_height=&#8221;&#8221; animation_delay=&#8221;&#8221; disable=&#8221;&#8221; id=&#8221;&#8221; class=&#8221;&#8221; bg_type=&#8221;image&#8221; bg_image=&#8221;&#8221; color_overlay=&#8221;&#8221; enable_parallax=&#8221;&#8221; enable_pattern=&#8221;&#8221; css=&#8221;.vc_custom_1511446240869{margin-bottom: 50px !important;}&#8221;][vc_column layout=&#8221;normal&#8221; vertical_align=&#8221;auto&#8221; animation_delay=&#8221;&#8221; width=&#8221;1\/3&#8243;][vu_product style=&#8221;2&#8243; image=&#8221;1459&#8243; image_display=&#8221;landscape&#8221; content_display=&#8221;hover&#8221; label=&#8221;&#8221; name=&#8221;Sourdough&#8221; link=&#8221;&#8221; description=&#8221;&#8221; price=&#8221;3.99&#8243; currency=&#8221;USD&#8221; show_zoom_icon=&#8221;1&#8243; zoom_icon=&#8221;fa fa-search&#8221; show_link_icon=&#8221;&#8221; class=&#8221;&#8221;][vu_product style=&#8221;2&#8243; image=&#8221;1463&#8243; image_display=&#8221;landscape&#8221; content_display=&#8221;hover&#8221; label=&#8221;&#8221; name=&#8221;Round Bread&#8221; link=&#8221;&#8221; description=&#8221;&#8221; price=&#8221;4.75&#8243; currency=&#8221;USD&#8221; show_zoom_icon=&#8221;1&#8243; zoom_icon=&#8221;fa fa-search&#8221; show_link_icon=&#8221;0&#8243; class=&#8221;&#8221;][vu_product style=&#8221;2&#8243; image=&#8221;1494&#8243; image_display=&#8221;landscape&#8221; content_display=&#8221;hover&#8221; label=&#8221;&#8221; name=&#8221;Closed Cheese Pocket&#8221; link=&#8221;&#8221; description=&#8221;&#8221; price=&#8221;7.25&#8243; currency=&#8221;USD&#8221; show_zoom_icon=&#8221;1&#8243; zoom_icon=&#8221;fa fa-search&#8221; show_link_icon=&#8221;0&#8243; class=&#8221;&#8221;][vu_product style=&#8221;2&#8243; image=&#8221;1489&#8243; image_display=&#8221;landscape&#8221; content_display=&#8221;hover&#8221; label=&#8221;&#8221; name=&#8221;Chocolate Tarts&#8221; link=&#8221;&#8221; description=&#8221;&#8221; price=&#8221;17.75&#8243; currency=&#8221;USD&#8221; show_zoom_icon=&#8221;1&#8243; zoom_icon=&#8221;fa fa-search&#8221; show_link_icon=&#8221;0&#8243; class=&#8221;&#8221;][\/vc_column][vc_column layout=&#8221;normal&#8221; vertical_align=&#8221;auto&#8221; animation_delay=&#8221;&#8221; width=&#8221;1\/3&#8243;][vu_product style=&#8221;2&#8243; image=&#8221;1492&#8243; image_display=&#8221;landscape&#8221; content_display=&#8221;hover&#8221; label=&#8221;&#8221; name=&#8221;Croissant&#8221; link=&#8221;&#8221; description=&#8221;&#8221; price=&#8221;3.50&#8243; currency=&#8221;USD&#8221; show_zoom_icon=&#8221;1&#8243; zoom_icon=&#8221;fa fa-search&#8221; show_link_icon=&#8221;0&#8243; class=&#8221;&#8221;][vu_product style=&#8221;2&#8243; image=&#8221;1488&#8243; image_display=&#8221;landscape&#8221; content_display=&#8221;hover&#8221; label=&#8221;&#8221; name=&#8221;Amaretti Cookie&#8221; link=&#8221;&#8221; description=&#8221;&#8221; price=&#8221;12.95&#8243; currency=&#8221;USD&#8221; show_zoom_icon=&#8221;1&#8243; zoom_icon=&#8221;fa fa-search&#8221; show_link_icon=&#8221;0&#8243; class=&#8221;&#8221;][vu_product style=&#8221;2&#8243; image=&#8221;1484&#8243; image_display=&#8221;landscape&#8221; content_display=&#8221;hover&#8221; label=&#8221;&#8221; name=&#8221;Black forest&#8221; link=&#8221;&#8221; description=&#8221;&#8221; price=&#8221;34.00&#8243; currency=&#8221;USD&#8221; show_zoom_icon=&#8221;1&#8243; zoom_icon=&#8221;fa fa-search&#8221; show_link_icon=&#8221;0&#8243; class=&#8221;&#8221;][vu_product style=&#8221;2&#8243; image=&#8221;1496&#8243; image_display=&#8221;landscape&#8221; content_display=&#8221;hover&#8221; label=&#8221;&#8221; name=&#8221;Maple Oat Muffin&#8221; link=&#8221;&#8221; description=&#8221;&#8221; price=&#8221;8.95&#8243; currency=&#8221;USD&#8221; show_zoom_icon=&#8221;1&#8243; zoom_icon=&#8221;fa fa-search&#8221; show_link_icon=&#8221;0&#8243; class=&#8221;&#8221;][\/vc_column][vc_column layout=&#8221;normal&#8221; vertical_align=&#8221;auto&#8221; animation_delay=&#8221;&#8221; width=&#8221;1\/3&#8243;][vu_product style=&#8221;2&#8243; image=&#8221;1485&#8243; image_display=&#8221;landscape&#8221; content_display=&#8221;hover&#8221; label=&#8221;&#8221; name=&#8221;Cappuccino Cheesecake&#8221; link=&#8221;&#8221; description=&#8221;&#8221; price=&#8221;45.00&#8243; currency=&#8221;USD&#8221; show_zoom_icon=&#8221;1&#8243; zoom_icon=&#8221;fa fa-search&#8221; show_link_icon=&#8221;0&#8243; class=&#8221;&#8221;][vu_product style=&#8221;2&#8243; image=&#8221;1461&#8243; image_display=&#8221;landscape&#8221; content_display=&#8221;hover&#8221; label=&#8221;&#8221; name=&#8221;Ciabatta&#8221; link=&#8221;&#8221; description=&#8221;&#8221; price=&#8221;4.50&#8243; currency=&#8221;USD&#8221; show_zoom_icon=&#8221;1&#8243; zoom_icon=&#8221;fa fa-search&#8221; show_link_icon=&#8221;0&#8243; class=&#8221;&#8221;][vu_product style=&#8221;2&#8243; image=&#8221;1465&#8243; image_display=&#8221;landscape&#8221; content_display=&#8221;hover&#8221; label=&#8221;&#8221; name=&#8221;Flatbread&#8221; link=&#8221;&#8221; description=&#8221;&#8221; price=&#8221;5.50&#8243; currency=&#8221;USD&#8221; show_zoom_icon=&#8221;1&#8243; zoom_icon=&#8221;fa fa-search&#8221; show_link_icon=&#8221;0&#8243; class=&#8221;&#8221;][vu_product style=&#8221;2&#8243; image=&#8221;1462&#8243; image_display=&#8221;landscape&#8221; content_display=&#8221;hover&#8221; label=&#8221;&#8221; name=&#8221;Hard Dough Bread&#8221; link=&#8221;&#8221; description=&#8221;&#8221; price=&#8221;4.25&#8243; currency=&#8221;USD&#8221; show_zoom_icon=&#8221;1&#8243; zoom_icon=&#8221;fa fa-search&#8221; show_link_icon=&#8221;0&#8243; class=&#8221;&#8221;][\/vc_column][\/vc_row][\/vc_section]<\/p>\n<\/div>","protected":false},"excerpt":{"rendered":"<p>[vc_section content_layout=&#8221;full&#8221; animation_delay=&#8221;&#8221; disable=&#8221;&#8221; id=&#8221;&#8221; class=&#8221;&#8221; bg_type=&#8221;image&#8221; bg_image=&#8221;&#8221; color_overlay=&#8221;&#8221; enable_parallax=&#8221;&#8221; enable_pattern=&#8221;&#8221;][vc_row content_layout=&#8221;boxed&#8221; equal_height=&#8221;&#8221; animation_delay=&#8221;&#8221; disable=&#8221;&#8221; id=&#8221;&#8221; class=&#8221;&#8221; bg_type=&#8221;image&#8221; bg_image=&#8221;&#8221; color_overlay=&#8221;&#8221; enable_parallax=&#8221;&#8221; enable_pattern=&#8221;&#8221; css=&#8221;.vc_custom_1511446240869{margin-bottom: 50px !important;}&#8221;][vc_column layout=&#8221;normal&#8221; vertical_align=&#8221;auto&#8221; animation_delay=&#8221;&#8221; width=&#8221;1\/3&#8243;][vu_product style=&#8221;2&#8243; image=&#8221;1459&#8243; image_display=&#8221;landscape&#8221; content_display=&#8221;hover&#8221; label=&#8221;&#8221; name=&#8221;Sourdough&#8221; link=&#8221;&#8221; description=&#8221;&#8221; price=&#8221;3.99&#8243; currency=&#8221;USD&#8221; show_zoom_icon=&#8221;1&#8243; zoom_icon=&#8221;fa fa-search&#8221; show_link_icon=&#8221;&#8221; class=&#8221;&#8221;][vu_product style=&#8221;2&#8243; image=&#8221;1463&#8243; image_display=&#8221;landscape&#8221; content_display=&#8221;hover&#8221; label=&#8221;&#8221; name=&#8221;Round Bread&#8221; link=&#8221;&#8221; description=&#8221;&#8221; price=&#8221;4.75&#8243; currency=&#8221;USD&#8221; [&hellip;]<\/p>\n","protected":false},"author":1,"featured_media":0,"parent":0,"menu_order":0,"comment_status":"closed","ping_status":"closed","template":"","meta":{"saved_in_kubio":false,"footnotes":""},"class_list":["post-750","page","type-page","status-publish","hentry"],"kubio_ai_page_context":{"short_desc":"","purpose":"general"},"yoast_head":"<!-- This site is optimized with the Yoast SEO plugin v24.3 - https:\/\/yoast.com\/wordpress\/plugins\/seo\/ -->\n<title>Products Grid Landscape - KAYSER\u0130L\u0130 GURME<\/title>\n<meta name=\"robots\" content=\"index, follow, max-snippet:-1, max-image-preview:large, max-video-preview:-1\" \/>\n<link rel=\"canonical\" href=\"https:\/\/kayseriligurme.com\/?page_id=750\" \/>\n<meta property=\"og:locale\" content=\"tr_TR\" \/>\n<meta property=\"og:type\" content=\"article\" \/>\n<meta property=\"og:title\" content=\"Products Grid Landscape - KAYSER\u0130L\u0130 GURME\" \/>\n<meta property=\"og:description\" content=\"[vc_section content_layout=&#8221;full&#8221; animation_delay=&#8221;&#8221; disable=&#8221;&#8221; id=&#8221;&#8221; class=&#8221;&#8221; bg_type=&#8221;image&#8221; bg_image=&#8221;&#8221; color_overlay=&#8221;&#8221; enable_parallax=&#8221;&#8221; enable_pattern=&#8221;&#8221;][vc_row content_layout=&#8221;boxed&#8221; equal_height=&#8221;&#8221; animation_delay=&#8221;&#8221; disable=&#8221;&#8221; id=&#8221;&#8221; class=&#8221;&#8221; bg_type=&#8221;image&#8221; bg_image=&#8221;&#8221; color_overlay=&#8221;&#8221; enable_parallax=&#8221;&#8221; enable_pattern=&#8221;&#8221; css=&#8221;.vc_custom_1511446240869{margin-bottom: 50px !important;}&#8221;][vc_column layout=&#8221;normal&#8221; vertical_align=&#8221;auto&#8221; animation_delay=&#8221;&#8221; width=&#8221;1\/3&#8243;][vu_product style=&#8221;2&#8243; image=&#8221;1459&#8243; image_display=&#8221;landscape&#8221; content_display=&#8221;hover&#8221; label=&#8221;&#8221; name=&#8221;Sourdough&#8221; link=&#8221;&#8221; description=&#8221;&#8221; price=&#8221;3.99&#8243; currency=&#8221;USD&#8221; show_zoom_icon=&#8221;1&#8243; zoom_icon=&#8221;fa fa-search&#8221; show_link_icon=&#8221;&#8221; class=&#8221;&#8221;][vu_product style=&#8221;2&#8243; image=&#8221;1463&#8243; image_display=&#8221;landscape&#8221; content_display=&#8221;hover&#8221; label=&#8221;&#8221; name=&#8221;Round Bread&#8221; link=&#8221;&#8221; description=&#8221;&#8221; price=&#8221;4.75&#8243; currency=&#8221;USD&#8221; [&hellip;]\" \/>\n<meta property=\"og:url\" content=\"https:\/\/kayseriligurme.com\/?page_id=750\" \/>\n<meta property=\"og:site_name\" content=\"KAYSER\u0130L\u0130 GURME\" \/>\n<meta property=\"article:publisher\" content=\"https:\/\/facebook.com\/kayseriligurme\" \/>\n<meta name=\"twitter:card\" content=\"summary_large_image\" \/>\n<meta name=\"twitter:label1\" content=\"Tahmini okuma s\u00fcresi\" \/>\n\t<meta name=\"twitter:data1\" content=\"2 dakika\" \/>\n<script type=\"application\/ld+json\" class=\"yoast-schema-graph\">{\"@context\":\"https:\/\/schema.org\",\"@graph\":[{\"@type\":\"WebPage\",\"@id\":\"https:\/\/kayseriligurme.com\/?page_id=750\",\"url\":\"https:\/\/kayseriligurme.com\/?page_id=750\",\"name\":\"Products Grid Landscape - KAYSER\u0130L\u0130 GURME\",\"isPartOf\":{\"@id\":\"https:\/\/kayseriligurme.com\/#website\"},\"datePublished\":\"2017-11-03T15:59:31+00:00\",\"dateModified\":\"2017-11-03T15:59:31+00:00\",\"breadcrumb\":{\"@id\":\"https:\/\/kayseriligurme.com\/?page_id=750#breadcrumb\"},\"inLanguage\":\"tr\",\"potentialAction\":[{\"@type\":\"ReadAction\",\"target\":[\"https:\/\/kayseriligurme.com\/?page_id=750\"]}]},{\"@type\":\"BreadcrumbList\",\"@id\":\"https:\/\/kayseriligurme.com\/?page_id=750#breadcrumb\",\"itemListElement\":[{\"@type\":\"ListItem\",\"position\":1,\"name\":\"Anasayfa\",\"item\":\"https:\/\/kayseriligurme.com\/\"},{\"@type\":\"ListItem\",\"position\":2,\"name\":\"Products Grid Landscape\"}]},{\"@type\":\"WebSite\",\"@id\":\"https:\/\/kayseriligurme.com\/#website\",\"url\":\"https:\/\/kayseriligurme.com\/\",\"name\":\"KAYSER\u0130L\u0130 GURME\",\"description\":\"Kayserili&#039;nin Elinden\",\"publisher\":{\"@id\":\"https:\/\/kayseriligurme.com\/#organization\"},\"potentialAction\":[{\"@type\":\"SearchAction\",\"target\":{\"@type\":\"EntryPoint\",\"urlTemplate\":\"https:\/\/kayseriligurme.com\/?s={search_term_string}\"},\"query-input\":{\"@type\":\"PropertyValueSpecification\",\"valueRequired\":true,\"valueName\":\"search_term_string\"}}],\"inLanguage\":\"tr\"},{\"@type\":\"Organization\",\"@id\":\"https:\/\/kayseriligurme.com\/#organization\",\"name\":\"KAYSER\u0130L\u0130 GURME UNLU MAMULLER\u0130\",\"url\":\"https:\/\/kayseriligurme.com\/\",\"logo\":{\"@type\":\"ImageObject\",\"inLanguage\":\"tr\",\"@id\":\"https:\/\/kayseriligurme.com\/#\/schema\/logo\/image\/\",\"url\":\"https:\/\/kayseriligurme.com\/wp-content\/uploads\/2025\/02\/GurmeLogo2-2.png\",\"contentUrl\":\"https:\/\/kayseriligurme.com\/wp-content\/uploads\/2025\/02\/GurmeLogo2-2.png\",\"width\":800,\"height\":700,\"caption\":\"KAYSER\u0130L\u0130 GURME UNLU MAMULLER\u0130\"},\"image\":{\"@id\":\"https:\/\/kayseriligurme.com\/#\/schema\/logo\/image\/\"},\"sameAs\":[\"https:\/\/facebook.com\/kayseriligurme\",\"https:\/\/instagram.com\/kayseriligurme\"]}]}<\/script>\n<!-- \/ Yoast SEO plugin. -->","yoast_head_json":{"title":"Products Grid Landscape - KAYSER\u0130L\u0130 GURME","robots":{"index":"index","follow":"follow","max-snippet":"max-snippet:-1","max-image-preview":"max-image-preview:large","max-video-preview":"max-video-preview:-1"},"canonical":"https:\/\/kayseriligurme.com\/?page_id=750","og_locale":"tr_TR","og_type":"article","og_title":"Products Grid Landscape - KAYSER\u0130L\u0130 GURME","og_description":"[vc_section content_layout=&#8221;full&#8221; animation_delay=&#8221;&#8221; disable=&#8221;&#8221; id=&#8221;&#8221; class=&#8221;&#8221; bg_type=&#8221;image&#8221; bg_image=&#8221;&#8221; color_overlay=&#8221;&#8221; enable_parallax=&#8221;&#8221; enable_pattern=&#8221;&#8221;][vc_row content_layout=&#8221;boxed&#8221; equal_height=&#8221;&#8221; animation_delay=&#8221;&#8221; disable=&#8221;&#8221; id=&#8221;&#8221; class=&#8221;&#8221; bg_type=&#8221;image&#8221; bg_image=&#8221;&#8221; color_overlay=&#8221;&#8221; enable_parallax=&#8221;&#8221; enable_pattern=&#8221;&#8221; css=&#8221;.vc_custom_1511446240869{margin-bottom: 50px !important;}&#8221;][vc_column layout=&#8221;normal&#8221; vertical_align=&#8221;auto&#8221; animation_delay=&#8221;&#8221; width=&#8221;1\/3&#8243;][vu_product style=&#8221;2&#8243; image=&#8221;1459&#8243; image_display=&#8221;landscape&#8221; content_display=&#8221;hover&#8221; label=&#8221;&#8221; name=&#8221;Sourdough&#8221; link=&#8221;&#8221; description=&#8221;&#8221; price=&#8221;3.99&#8243; currency=&#8221;USD&#8221; show_zoom_icon=&#8221;1&#8243; zoom_icon=&#8221;fa fa-search&#8221; show_link_icon=&#8221;&#8221; class=&#8221;&#8221;][vu_product style=&#8221;2&#8243; image=&#8221;1463&#8243; image_display=&#8221;landscape&#8221; content_display=&#8221;hover&#8221; label=&#8221;&#8221; name=&#8221;Round Bread&#8221; link=&#8221;&#8221; description=&#8221;&#8221; price=&#8221;4.75&#8243; currency=&#8221;USD&#8221; [&hellip;]","og_url":"https:\/\/kayseriligurme.com\/?page_id=750","og_site_name":"KAYSER\u0130L\u0130 GURME","article_publisher":"https:\/\/facebook.com\/kayseriligurme","twitter_card":"summary_large_image","twitter_misc":{"Tahmini okuma s\u00fcresi":"2 dakika"},"schema":{"@context":"https:\/\/schema.org","@graph":[{"@type":"WebPage","@id":"https:\/\/kayseriligurme.com\/?page_id=750","url":"https:\/\/kayseriligurme.com\/?page_id=750","name":"Products Grid Landscape - KAYSER\u0130L\u0130 GURME","isPartOf":{"@id":"https:\/\/kayseriligurme.com\/#website"},"datePublished":"2017-11-03T15:59:31+00:00","dateModified":"2017-11-03T15:59:31+00:00","breadcrumb":{"@id":"https:\/\/kayseriligurme.com\/?page_id=750#breadcrumb"},"inLanguage":"tr","potentialAction":[{"@type":"ReadAction","target":["https:\/\/kayseriligurme.com\/?page_id=750"]}]},{"@type":"BreadcrumbList","@id":"https:\/\/kayseriligurme.com\/?page_id=750#breadcrumb","itemListElement":[{"@type":"ListItem","position":1,"name":"Anasayfa","item":"https:\/\/kayseriligurme.com\/"},{"@type":"ListItem","position":2,"name":"Products Grid Landscape"}]},{"@type":"WebSite","@id":"https:\/\/kayseriligurme.com\/#website","url":"https:\/\/kayseriligurme.com\/","name":"KAYSER\u0130L\u0130 GURME","description":"Kayserili&#039;nin Elinden","publisher":{"@id":"https:\/\/kayseriligurme.com\/#organization"},"potentialAction":[{"@type":"SearchAction","target":{"@type":"EntryPoint","urlTemplate":"https:\/\/kayseriligurme.com\/?s={search_term_string}"},"query-input":{"@type":"PropertyValueSpecification","valueRequired":true,"valueName":"search_term_string"}}],"inLanguage":"tr"},{"@type":"Organization","@id":"https:\/\/kayseriligurme.com\/#organization","name":"KAYSER\u0130L\u0130 GURME UNLU MAMULLER\u0130","url":"https:\/\/kayseriligurme.com\/","logo":{"@type":"ImageObject","inLanguage":"tr","@id":"https:\/\/kayseriligurme.com\/#\/schema\/logo\/image\/","url":"https:\/\/kayseriligurme.com\/wp-content\/uploads\/2025\/02\/GurmeLogo2-2.png","contentUrl":"https:\/\/kayseriligurme.com\/wp-content\/uploads\/2025\/02\/GurmeLogo2-2.png","width":800,"height":700,"caption":"KAYSER\u0130L\u0130 GURME UNLU MAMULLER\u0130"},"image":{"@id":"https:\/\/kayseriligurme.com\/#\/schema\/logo\/image\/"},"sameAs":["https:\/\/facebook.com\/kayseriligurme","https:\/\/instagram.com\/kayseriligurme"]}]}},"_links":{"self":[{"href":"https:\/\/kayseriligurme.com\/index.php?rest_route=\/wp\/v2\/pages\/750","targetHints":{"allow":["GET"]}}],"collection":[{"href":"https:\/\/kayseriligurme.com\/index.php?rest_route=\/wp\/v2\/pages"}],"about":[{"href":"https:\/\/kayseriligurme.com\/index.php?rest_route=\/wp\/v2\/types\/page"}],"author":[{"embeddable":true,"href":"https:\/\/kayseriligurme.com\/index.php?rest_route=\/wp\/v2\/users\/1"}],"replies":[{"embeddable":true,"href":"https:\/\/kayseriligurme.com\/index.php?rest_route=%2Fwp%2Fv2%2Fcomments&post=750"}],"version-history":[{"count":0,"href":"https:\/\/kayseriligurme.com\/index.php?rest_route=\/wp\/v2\/pages\/750\/revisions"}],"wp:attachment":[{"href":"https:\/\/kayseriligurme.com\/index.php?rest_route=%2Fwp%2Fv2%2Fmedia&parent=750"}],"curies":[{"name":"wp","href":"https:\/\/api.w.org\/{rel}","templated":true}]}}