{"id":699,"date":"2017-11-03T15:31:13","date_gmt":"2017-11-03T15:31:13","guid":{"rendered":"http:\/\/preview.milingona.co\/themes\/bakery\/?page_id=699"},"modified":"2017-11-03T15:31:13","modified_gmt":"2017-11-03T15:31:13","slug":"before-after","status":"publish","type":"page","link":"https:\/\/kayseriligurme.com\/?page_id=699","title":{"rendered":"Before &#038; After"},"content":{"rendered":"<div class=\"wpb-content-wrapper\"><p>[vc_section content_layout=&#8221;full&#8221; animation_delay=&#8221;&#8221; disable=&#8221;&#8221; id=&#8221;&#8221; class=&#8221;&#8221; bg_type=&#8221;image&#8221; bg_image=&#8221;&#8221; color_overlay=&#8221;&#8221; enable_parallax=&#8221;&#8221; enable_pattern=&#8221;&#8221;][vc_row content_layout=&#8221;boxed&#8221; equal_height=&#8221;&#8221; animation_delay=&#8221;&#8221; disable=&#8221;&#8221; id=&#8221;&#8221; class=&#8221;&#8221; bg_type=&#8221;image&#8221; bg_image=&#8221;&#8221; color_overlay=&#8221;&#8221; enable_parallax=&#8221;&#8221; enable_pattern=&#8221;&#8221;][vc_column layout=&#8221;normal&#8221; vertical_align=&#8221;auto&#8221; animation_delay=&#8221;&#8221;][vu_heading style=&#8221;1&#8243; heading=&#8221;Before &amp; After&#8221; subheading=&#8221;Use this element to easy highlight the visual differences between two images.<br \/>\nPerfect to showcase your work, where it\u2019s essential to visualize the changes you\u2019ve made.&#8221; alignment=&#8221;center&#8221; custom_colors=&#8221;&#8221; class=&#8221;m-t-0&#8243;][\/vc_column][\/vc_row][\/vc_section][vc_section content_layout=&#8221;full&#8221; animation_delay=&#8221;&#8221; disable=&#8221;&#8221; id=&#8221;&#8221; class=&#8221;&#8221; bg_type=&#8221;image&#8221; bg_image=&#8221;&#8221; color_overlay=&#8221;&#8221; enable_parallax=&#8221;&#8221; enable_pattern=&#8221;&#8221; css=&#8221;.vc_custom_1512220969444{margin-bottom: 40px !important;}&#8221;][vc_row content_layout=&#8221;boxed&#8221; equal_height=&#8221;&#8221; animation_delay=&#8221;&#8221; disable=&#8221;&#8221; id=&#8221;&#8221; class=&#8221;&#8221; bg_type=&#8221;image&#8221; bg_image=&#8221;&#8221; color_overlay=&#8221;&#8221; enable_parallax=&#8221;&#8221; enable_pattern=&#8221;&#8221;][vc_column layout=&#8221;normal&#8221; vertical_align=&#8221;auto&#8221; animation_delay=&#8221;&#8221; width=&#8221;1\/2&#8243;][vu_before_after before_image=&#8221;1925&#8243; after_image=&#8221;1924&#8243; ratio=&#8221;1:1&#8243; orientation=&#8221;horizontal&#8221; show_label=&#8221;1&#8243; before_label=&#8221;Before&#8221; after_label=&#8221;After&#8221; class=&#8221;&#8221;][\/vc_column][vc_column layout=&#8221;normal&#8221; vertical_align=&#8221;auto&#8221; animation_delay=&#8221;&#8221; width=&#8221;1\/2&#8243;][vu_before_after before_image=&#8221;1925&#8243; after_image=&#8221;1924&#8243; ratio=&#8221;1:1&#8243; orientation=&#8221;vertical&#8221; show_label=&#8221;1&#8243; before_label=&#8221;Before&#8221; after_label=&#8221;After&#8221; class=&#8221;&#8221;][\/vc_column][\/vc_row][\/vc_section]<\/p>\n<\/div>","protected":false},"excerpt":{"rendered":"<p>[vc_section content_layout=&#8221;full&#8221; animation_delay=&#8221;&#8221; disable=&#8221;&#8221; id=&#8221;&#8221; class=&#8221;&#8221; bg_type=&#8221;image&#8221; bg_image=&#8221;&#8221; color_overlay=&#8221;&#8221; enable_parallax=&#8221;&#8221; enable_pattern=&#8221;&#8221;][vc_row content_layout=&#8221;boxed&#8221; equal_height=&#8221;&#8221; animation_delay=&#8221;&#8221; disable=&#8221;&#8221; id=&#8221;&#8221; class=&#8221;&#8221; bg_type=&#8221;image&#8221; bg_image=&#8221;&#8221; color_overlay=&#8221;&#8221; enable_parallax=&#8221;&#8221; enable_pattern=&#8221;&#8221;][vc_column layout=&#8221;normal&#8221; vertical_align=&#8221;auto&#8221; animation_delay=&#8221;&#8221;][vu_heading style=&#8221;1&#8243; heading=&#8221;Before &amp; After&#8221; subheading=&#8221;Use this element to easy highlight the visual differences between two images. Perfect to showcase your work, where it\u2019s essential to visualize the changes you\u2019ve made.&#8221; [&hellip;]<\/p>\n","protected":false},"author":1,"featured_media":0,"parent":637,"menu_order":0,"comment_status":"closed","ping_status":"closed","template":"","meta":{"saved_in_kubio":false,"footnotes":""},"class_list":["post-699","page","type-page","status-publish","hentry"],"kubio_ai_page_context":{"short_desc":"","purpose":"general"},"yoast_head":"<!-- This site is optimized with the Yoast SEO plugin v24.3 - https:\/\/yoast.com\/wordpress\/plugins\/seo\/ -->\n<title>Before &amp; After - KAYSER\u0130L\u0130 GURME<\/title>\n<meta name=\"robots\" content=\"index, follow, max-snippet:-1, max-image-preview:large, max-video-preview:-1\" \/>\n<link rel=\"canonical\" href=\"https:\/\/kayseriligurme.com\/?page_id=699\" \/>\n<meta property=\"og:locale\" content=\"tr_TR\" \/>\n<meta property=\"og:type\" content=\"article\" \/>\n<meta property=\"og:title\" content=\"Before &amp; After - KAYSER\u0130L\u0130 GURME\" \/>\n<meta property=\"og:description\" content=\"[vc_section content_layout=&#8221;full&#8221; animation_delay=&#8221;&#8221; disable=&#8221;&#8221; id=&#8221;&#8221; class=&#8221;&#8221; bg_type=&#8221;image&#8221; bg_image=&#8221;&#8221; color_overlay=&#8221;&#8221; enable_parallax=&#8221;&#8221; enable_pattern=&#8221;&#8221;][vc_row content_layout=&#8221;boxed&#8221; equal_height=&#8221;&#8221; animation_delay=&#8221;&#8221; disable=&#8221;&#8221; id=&#8221;&#8221; class=&#8221;&#8221; bg_type=&#8221;image&#8221; bg_image=&#8221;&#8221; color_overlay=&#8221;&#8221; enable_parallax=&#8221;&#8221; enable_pattern=&#8221;&#8221;][vc_column layout=&#8221;normal&#8221; vertical_align=&#8221;auto&#8221; animation_delay=&#8221;&#8221;][vu_heading style=&#8221;1&#8243; heading=&#8221;Before &amp; After&#8221; subheading=&#8221;Use this element to easy highlight the visual differences between two images. Perfect to showcase your work, where it\u2019s essential to visualize the changes you\u2019ve made.&#8221; [&hellip;]\" \/>\n<meta property=\"og:url\" content=\"https:\/\/kayseriligurme.com\/?page_id=699\" \/>\n<meta property=\"og:site_name\" content=\"KAYSER\u0130L\u0130 GURME\" \/>\n<meta property=\"article:publisher\" content=\"https:\/\/facebook.com\/kayseriligurme\" \/>\n<meta name=\"twitter:card\" content=\"summary_large_image\" \/>\n<meta name=\"twitter:label1\" content=\"Tahmini okuma s\u00fcresi\" \/>\n\t<meta name=\"twitter:data1\" content=\"1 dakika\" \/>\n<script type=\"application\/ld+json\" class=\"yoast-schema-graph\">{\"@context\":\"https:\/\/schema.org\",\"@graph\":[{\"@type\":\"WebPage\",\"@id\":\"https:\/\/kayseriligurme.com\/?page_id=699\",\"url\":\"https:\/\/kayseriligurme.com\/?page_id=699\",\"name\":\"Before & After - KAYSER\u0130L\u0130 GURME\",\"isPartOf\":{\"@id\":\"https:\/\/kayseriligurme.com\/#website\"},\"datePublished\":\"2017-11-03T15:31:13+00:00\",\"dateModified\":\"2017-11-03T15:31:13+00:00\",\"breadcrumb\":{\"@id\":\"https:\/\/kayseriligurme.com\/?page_id=699#breadcrumb\"},\"inLanguage\":\"tr\",\"potentialAction\":[{\"@type\":\"ReadAction\",\"target\":[\"https:\/\/kayseriligurme.com\/?page_id=699\"]}]},{\"@type\":\"BreadcrumbList\",\"@id\":\"https:\/\/kayseriligurme.com\/?page_id=699#breadcrumb\",\"itemListElement\":[{\"@type\":\"ListItem\",\"position\":1,\"name\":\"Anasayfa\",\"item\":\"https:\/\/kayseriligurme.com\/\"},{\"@type\":\"ListItem\",\"position\":2,\"name\":\"Elements\",\"item\":\"https:\/\/kayseriligurme.com\/?page_id=637\"},{\"@type\":\"ListItem\",\"position\":3,\"name\":\"Before &#038; After\"}]},{\"@type\":\"WebSite\",\"@id\":\"https:\/\/kayseriligurme.com\/#website\",\"url\":\"https:\/\/kayseriligurme.com\/\",\"name\":\"KAYSER\u0130L\u0130 GURME\",\"description\":\"Kayserili&#039;nin Elinden\",\"publisher\":{\"@id\":\"https:\/\/kayseriligurme.com\/#organization\"},\"potentialAction\":[{\"@type\":\"SearchAction\",\"target\":{\"@type\":\"EntryPoint\",\"urlTemplate\":\"https:\/\/kayseriligurme.com\/?s={search_term_string}\"},\"query-input\":{\"@type\":\"PropertyValueSpecification\",\"valueRequired\":true,\"valueName\":\"search_term_string\"}}],\"inLanguage\":\"tr\"},{\"@type\":\"Organization\",\"@id\":\"https:\/\/kayseriligurme.com\/#organization\",\"name\":\"KAYSER\u0130L\u0130 GURME UNLU MAMULLER\u0130\",\"url\":\"https:\/\/kayseriligurme.com\/\",\"logo\":{\"@type\":\"ImageObject\",\"inLanguage\":\"tr\",\"@id\":\"https:\/\/kayseriligurme.com\/#\/schema\/logo\/image\/\",\"url\":\"https:\/\/kayseriligurme.com\/wp-content\/uploads\/2025\/02\/GurmeLogo2-2.png\",\"contentUrl\":\"https:\/\/kayseriligurme.com\/wp-content\/uploads\/2025\/02\/GurmeLogo2-2.png\",\"width\":800,\"height\":700,\"caption\":\"KAYSER\u0130L\u0130 GURME UNLU MAMULLER\u0130\"},\"image\":{\"@id\":\"https:\/\/kayseriligurme.com\/#\/schema\/logo\/image\/\"},\"sameAs\":[\"https:\/\/facebook.com\/kayseriligurme\",\"https:\/\/instagram.com\/kayseriligurme\"]}]}<\/script>\n<!-- \/ Yoast SEO plugin. -->","yoast_head_json":{"title":"Before & After - KAYSER\u0130L\u0130 GURME","robots":{"index":"index","follow":"follow","max-snippet":"max-snippet:-1","max-image-preview":"max-image-preview:large","max-video-preview":"max-video-preview:-1"},"canonical":"https:\/\/kayseriligurme.com\/?page_id=699","og_locale":"tr_TR","og_type":"article","og_title":"Before & After - KAYSER\u0130L\u0130 GURME","og_description":"[vc_section content_layout=&#8221;full&#8221; animation_delay=&#8221;&#8221; disable=&#8221;&#8221; id=&#8221;&#8221; class=&#8221;&#8221; bg_type=&#8221;image&#8221; bg_image=&#8221;&#8221; color_overlay=&#8221;&#8221; enable_parallax=&#8221;&#8221; enable_pattern=&#8221;&#8221;][vc_row content_layout=&#8221;boxed&#8221; equal_height=&#8221;&#8221; animation_delay=&#8221;&#8221; disable=&#8221;&#8221; id=&#8221;&#8221; class=&#8221;&#8221; bg_type=&#8221;image&#8221; bg_image=&#8221;&#8221; color_overlay=&#8221;&#8221; enable_parallax=&#8221;&#8221; enable_pattern=&#8221;&#8221;][vc_column layout=&#8221;normal&#8221; vertical_align=&#8221;auto&#8221; animation_delay=&#8221;&#8221;][vu_heading style=&#8221;1&#8243; heading=&#8221;Before &amp; After&#8221; subheading=&#8221;Use this element to easy highlight the visual differences between two images. Perfect to showcase your work, where it\u2019s essential to visualize the changes you\u2019ve made.&#8221; [&hellip;]","og_url":"https:\/\/kayseriligurme.com\/?page_id=699","og_site_name":"KAYSER\u0130L\u0130 GURME","article_publisher":"https:\/\/facebook.com\/kayseriligurme","twitter_card":"summary_large_image","twitter_misc":{"Tahmini okuma s\u00fcresi":"1 dakika"},"schema":{"@context":"https:\/\/schema.org","@graph":[{"@type":"WebPage","@id":"https:\/\/kayseriligurme.com\/?page_id=699","url":"https:\/\/kayseriligurme.com\/?page_id=699","name":"Before & After - KAYSER\u0130L\u0130 GURME","isPartOf":{"@id":"https:\/\/kayseriligurme.com\/#website"},"datePublished":"2017-11-03T15:31:13+00:00","dateModified":"2017-11-03T15:31:13+00:00","breadcrumb":{"@id":"https:\/\/kayseriligurme.com\/?page_id=699#breadcrumb"},"inLanguage":"tr","potentialAction":[{"@type":"ReadAction","target":["https:\/\/kayseriligurme.com\/?page_id=699"]}]},{"@type":"BreadcrumbList","@id":"https:\/\/kayseriligurme.com\/?page_id=699#breadcrumb","itemListElement":[{"@type":"ListItem","position":1,"name":"Anasayfa","item":"https:\/\/kayseriligurme.com\/"},{"@type":"ListItem","position":2,"name":"Elements","item":"https:\/\/kayseriligurme.com\/?page_id=637"},{"@type":"ListItem","position":3,"name":"Before &#038; After"}]},{"@type":"WebSite","@id":"https:\/\/kayseriligurme.com\/#website","url":"https:\/\/kayseriligurme.com\/","name":"KAYSER\u0130L\u0130 GURME","description":"Kayserili&#039;nin Elinden","publisher":{"@id":"https:\/\/kayseriligurme.com\/#organization"},"potentialAction":[{"@type":"SearchAction","target":{"@type":"EntryPoint","urlTemplate":"https:\/\/kayseriligurme.com\/?s={search_term_string}"},"query-input":{"@type":"PropertyValueSpecification","valueRequired":true,"valueName":"search_term_string"}}],"inLanguage":"tr"},{"@type":"Organization","@id":"https:\/\/kayseriligurme.com\/#organization","name":"KAYSER\u0130L\u0130 GURME UNLU MAMULLER\u0130","url":"https:\/\/kayseriligurme.com\/","logo":{"@type":"ImageObject","inLanguage":"tr","@id":"https:\/\/kayseriligurme.com\/#\/schema\/logo\/image\/","url":"https:\/\/kayseriligurme.com\/wp-content\/uploads\/2025\/02\/GurmeLogo2-2.png","contentUrl":"https:\/\/kayseriligurme.com\/wp-content\/uploads\/2025\/02\/GurmeLogo2-2.png","width":800,"height":700,"caption":"KAYSER\u0130L\u0130 GURME UNLU MAMULLER\u0130"},"image":{"@id":"https:\/\/kayseriligurme.com\/#\/schema\/logo\/image\/"},"sameAs":["https:\/\/facebook.com\/kayseriligurme","https:\/\/instagram.com\/kayseriligurme"]}]}},"_links":{"self":[{"href":"https:\/\/kayseriligurme.com\/index.php?rest_route=\/wp\/v2\/pages\/699","targetHints":{"allow":["GET"]}}],"collection":[{"href":"https:\/\/kayseriligurme.com\/index.php?rest_route=\/wp\/v2\/pages"}],"about":[{"href":"https:\/\/kayseriligurme.com\/index.php?rest_route=\/wp\/v2\/types\/page"}],"author":[{"embeddable":true,"href":"https:\/\/kayseriligurme.com\/index.php?rest_route=\/wp\/v2\/users\/1"}],"replies":[{"embeddable":true,"href":"https:\/\/kayseriligurme.com\/index.php?rest_route=%2Fwp%2Fv2%2Fcomments&post=699"}],"version-history":[{"count":0,"href":"https:\/\/kayseriligurme.com\/index.php?rest_route=\/wp\/v2\/pages\/699\/revisions"}],"up":[{"embeddable":true,"href":"https:\/\/kayseriligurme.com\/index.php?rest_route=\/wp\/v2\/pages\/637"}],"wp:attachment":[{"href":"https:\/\/kayseriligurme.com\/index.php?rest_route=%2Fwp%2Fv2%2Fmedia&parent=699"}],"curies":[{"name":"wp","href":"https:\/\/api.w.org\/{rel}","templated":true}]}}